{"id":2,"date":"2023-03-27T09:39:36","date_gmt":"2023-03-27T09:39:36","guid":{"rendered":"https:\/\/apolopharma-lab.com\/?page_id=2"},"modified":"2025-09-29T11:10:15","modified_gmt":"2025-09-29T11:10:15","slug":"politica-de-calidad","status":"publish","type":"page","link":"https:\/\/apolopharma-lab.com\/index.php\/politica-de-calidad\/","title":{"rendered":"Politica de Calidad"},"content":{"rendered":"\t\t<div data-elementor-type=\"wp-page\" data-elementor-id=\"2\" class=\"elementor elementor-2\">\n\t\t\t\t\t\t\t\t\t<section class=\"elementor-section elementor-top-section elementor-element elementor-element-3d867cba elementor-section-boxed elementor-section-height-default elementor-section-height-default\" data-id=\"3d867cba\" data-element_type=\"section\">\n\t\t\t\t\t\t<div class=\"elementor-container elementor-column-gap-default\">\n\t\t\t\t\t<div class=\"elementor-column elementor-col-100 elementor-top-column elementor-element elementor-element-14bae3e6\" data-id=\"14bae3e6\" data-element_type=\"column\">\n\t\t\t<div class=\"elementor-widget-wrap elementor-element-populated\">\n\t\t\t\t\t\t\t\t<div class=\"elementor-element elementor-element-1d30f4a elementor-widget elementor-widget-spacer\" data-id=\"1d30f4a\" data-element_type=\"widget\" data-widget_type=\"spacer.default\">\n\t\t\t\t<div class=\"elementor-widget-container\">\n\t\t\t<style>\/*! elementor - v3.17.0 - 08-11-2023 *\/\n.elementor-column .elementor-spacer-inner{height:var(--spacer-size)}.e-con{--container-widget-width:100%}.e-con-inner>.elementor-widget-spacer,.e-con>.elementor-widget-spacer{width:var(--container-widget-width,var(--spacer-size));--align-self:var(--container-widget-align-self,initial);--flex-shrink:0}.e-con-inner>.elementor-widget-spacer>.elementor-widget-container,.e-con>.elementor-widget-spacer>.elementor-widget-container{height:100%;width:100%}.e-con-inner>.elementor-widget-spacer>.elementor-widget-container>.elementor-spacer,.e-con>.elementor-widget-spacer>.elementor-widget-container>.elementor-spacer{height:100%}.e-con-inner>.elementor-widget-spacer>.elementor-widget-container>.elementor-spacer>.elementor-spacer-inner,.e-con>.elementor-widget-spacer>.elementor-widget-container>.elementor-spacer>.elementor-spacer-inner{height:var(--container-widget-height,var(--spacer-size))}.e-con-inner>.elementor-widget-spacer.elementor-widget-empty,.e-con>.elementor-widget-spacer.elementor-widget-empty{position:relative;min-height:22px;min-width:22px}.e-con-inner>.elementor-widget-spacer.elementor-widget-empty .elementor-widget-empty-icon,.e-con>.elementor-widget-spacer.elementor-widget-empty .elementor-widget-empty-icon{position:absolute;top:0;bottom:0;left:0;right:0;margin:auto;padding:0;width:22px;height:22px}<\/style>\t\t<div class=\"elementor-spacer\">\n\t\t\t<div class=\"elementor-spacer-inner\"><\/div>\n\t\t<\/div>\n\t\t\t\t<\/div>\n\t\t\t\t<\/div>\n\t\t\t\t<div class=\"elementor-element elementor-element-11e360b8 elementor-widget elementor-widget-text-editor\" data-id=\"11e360b8\" data-element_type=\"widget\" data-widget_type=\"text-editor.default\">\n\t\t\t\t<div class=\"elementor-widget-container\">\n\t\t\t<style>\/*! elementor - v3.17.0 - 08-11-2023 *\/\n.elementor-widget-text-editor.elementor-drop-cap-view-stacked .elementor-drop-cap{background-color:#69727d;color:#fff}.elementor-widget-text-editor.elementor-drop-cap-view-framed .elementor-drop-cap{color:#69727d;border:3px solid;background-color:transparent}.elementor-widget-text-editor:not(.elementor-drop-cap-view-default) .elementor-drop-cap{margin-top:8px}.elementor-widget-text-editor:not(.elementor-drop-cap-view-default) .elementor-drop-cap-letter{width:1em;height:1em}.elementor-widget-text-editor .elementor-drop-cap{float:left;text-align:center;line-height:1;font-size:50px}.elementor-widget-text-editor .elementor-drop-cap-letter{display:inline-block}<\/style>\t\t\t\t<h2>POLITICA DE CALIDAD<\/h2>\t\t\t\t\t\t<\/div>\n\t\t\t\t<\/div>\n\t\t\t\t<div class=\"elementor-element elementor-element-1abcf0b elementor-widget elementor-widget-text-editor\" data-id=\"1abcf0b\" data-element_type=\"widget\" data-widget_type=\"text-editor.default\">\n\t\t\t\t<div class=\"elementor-widget-container\">\n\t\t\t\t\t\t\t<p class=\"MsoNormal\"><strong>APOLO PHARMA Laboratoire<\/strong> SARL es una compa\u00f1\u00eda creada en el<br>a\u00f1o 2019 que tiene como objeto social la fabricaci\u00f3n y comercializaci\u00f3n de<br>productos farmac\u00e9uticos.<\/p>\n<p class=\"MsoNormal\">El sistema de calidad de Apolo Pharma se basa en el<br>cumplimiento de las normas ISO 9001: 2015, las Normas de Correcta Fabricaci\u00f3n<br>(GMP seg\u00fan su vocablo ingl\u00e9s) y las regulaciones malienses en materia de<br>calidad de los productos farmac\u00e9uticos y sanitarios. Es compromiso de la<br>direcci\u00f3n de implantar un sistema de gesti\u00f3n de la calidad orientado a la<br>atenci\u00f3n del cliente y a la mejora continuada.<\/p>\n<p class=\"MsoNormal\">Los pilares que sustentan esta pol\u00edtica son:<\/p>\n<p class=\"MsoNormal\">\u2022 <strong>Clientes<\/strong> y nuestro compromiso con la detecci\u00f3n de sus<br>necesidades y la satisfacci\u00f3n de sus expectativas.<\/p>\n<p class=\"MsoNormal\">\u2022 <strong>Calidad<\/strong> de los productos, compromiso prioritario en el<br>cumplimiento de las m\u00e1s exigentes normas de calidad internacional.<\/p>\n<p class=\"MsoNormal\">\u2022<strong>Innovaci\u00f3n y desarrollo<\/strong> de productos y tecnolog\u00eda<br>para afianzarnos como una empresa de referencia del sector industrial<br>farmac\u00e9utico internacional.<\/p>\n<p class=\"MsoNormal\">La Direcci\u00f3n garantizar\u00e1 los recursos necesarios para que<br>esta din\u00e1mica de mejora continua y cumpla con los objetivos se mantendr\u00e1 viva<br>en el tiempo.<\/p>\n<p class=\"MsoNormal\"><strong>APOLO PHARMA Laboratoire<\/strong> se compromete a mantener la<br>presente pol\u00edtica, incluyendo como comunicarla a todos los miembros de la<br>organizaci\u00f3n con el objetivo de alinear la misi\u00f3n y visi\u00f3n de la empresa con<br>las necesidades y expectativas de nuestros clientes.<\/p>\n<p class=\"MsoNormal\">En Bamako, Rep\u00fablica de Mali, septiembre de 2025.<\/p>\t\t\t\t\t\t<\/div>\n\t\t\t\t<\/div>\n\t\t\t\t\t<\/div>\n\t\t<\/div>\n\t\t\t\t\t\t\t<\/div>\n\t\t<\/section>\n\t\t\t\t\t\t\t<\/div>\n\t\t","protected":false},"excerpt":{"rendered":"<p>POLITICA DE CALIDAD APOLO PHARMA Laboratoire SARL es una compa\u00f1\u00eda creada en ela\u00f1o 2019 que tiene como objeto social la fabricaci\u00f3n y comercializaci\u00f3n deproductos farmac\u00e9uticos. El sistema de calidad de Apolo Pharma se basa en elcumplimiento de las normas ISO 9001: 2015, las Normas de Correcta Fabricaci\u00f3n(GMP seg\u00fan su vocablo ingl\u00e9s) y las regulaciones malienses [&hellip;]<\/p>\n","protected":false},"author":1,"featured_media":0,"parent":0,"menu_order":0,"comment_status":"closed","ping_status":"closed","template":"","meta":{"footnotes":""},"class_list":["post-2","page","type-page","status-publish","hentry"],"_links":{"self":[{"href":"https:\/\/apolopharma-lab.com\/index.php\/wp-json\/wp\/v2\/pages\/2","targetHints":{"allow":["GET"]}}],"collection":[{"href":"https:\/\/apolopharma-lab.com\/index.php\/wp-json\/wp\/v2\/pages"}],"about":[{"href":"https:\/\/apolopharma-lab.com\/index.php\/wp-json\/wp\/v2\/types\/page"}],"author":[{"embeddable":true,"href":"https:\/\/apolopharma-lab.com\/index.php\/wp-json\/wp\/v2\/users\/1"}],"replies":[{"embeddable":true,"href":"https:\/\/apolopharma-lab.com\/index.php\/wp-json\/wp\/v2\/comments?post=2"}],"version-history":[{"count":23,"href":"https:\/\/apolopharma-lab.com\/index.php\/wp-json\/wp\/v2\/pages\/2\/revisions"}],"predecessor-version":[{"id":1309,"href":"https:\/\/apolopharma-lab.com\/index.php\/wp-json\/wp\/v2\/pages\/2\/revisions\/1309"}],"wp:attachment":[{"href":"https:\/\/apolopharma-lab.com\/index.php\/wp-json\/wp\/v2\/media?parent=2"}],"curies":[{"name":"wp","href":"https:\/\/api.w.org\/{rel}","templated":true}]}}